{"id":2,"date":"2025-09-03T12:40:12","date_gmt":"2025-09-03T12:40:12","guid":{"rendered":"https:\/\/optika-miro.hr\/?page_id=2"},"modified":"2025-09-03T17:19:26","modified_gmt":"2025-09-03T17:19:26","slug":"naocale","status":"publish","type":"page","link":"https:\/\/optika-miro.hr\/index.php\/naocale\/","title":{"rendered":"Nao\u010dale"},"content":{"rendered":"<p>[et_pb_section fb_built=&#8221;1&#8243; admin_label=&#8221;section&#8221; _builder_version=&#8221;4.16&#8243; global_colors_info=&#8221;{}&#8221;][et_pb_row admin_label=&#8221;row&#8221; _builder_version=&#8221;4.16&#8243; background_size=&#8221;initial&#8221; background_position=&#8221;top_left&#8221; background_repeat=&#8221;repeat&#8221; global_colors_info=&#8221;{}&#8221;][et_pb_column type=&#8221;4_4&#8243; _builder_version=&#8221;4.16&#8243; custom_padding=&#8221;|||&#8221; global_colors_info=&#8221;{}&#8221; custom_padding__hover=&#8221;|||&#8221;][et_pb_text admin_label=&#8221;Text&#8221; _builder_version=&#8221;4.16&#8243; background_size=&#8221;initial&#8221; background_position=&#8221;top_left&#8221; background_repeat=&#8221;repeat&#8221; global_colors_info=&#8221;{}&#8221;]<\/p>\n<p><strong>DIOPTRIJSKE NAO\u010cALE<\/strong><\/p>\n<p>Opti\u010dar \u0107e Vam svojim stru\u010dnim savjetima pomo\u0107i u odabiru pravog korekcijskog okvira za Va\u0161e lice.<br \/>Korektivni okviri nao\u010dala su razli\u010diti, stoga je va\u017eno odabrati onaj pravi za svoje lice. Nakon odabir<br \/>korekcijskog okvira za nao\u010dale, opti\u010dar \u0107e Vas savjetovati i o izboru le\u0107a i premaza. Va\u017eno je da<br \/>odvojite dovoljno vremena za odabir novih korekcijskih nao\u010dala.<\/p>\n<p><strong>VRSTE OKVIRA<\/strong><\/p>\n<p><strong>Umjetne mase<\/strong><\/p>\n<p>Okvir nao\u010dala izra\u0111en je od visokokvalitetnih sinteti\u010dkih materijala, koji je \u010dvrst i fleksibilan materijal.<br \/>Vrlo su izra\u017eene i masivne, raznih oblika, boja i \u0161ara. Okviri za nao\u010dale prikladni su za visoke dioptrije<br \/>jer se debljina nao\u010dalnih le\u0107a mo\u017ee sakriti u rubu okvira.<\/p>\n<p><strong>Metalni okviri za nao\u010dale<\/strong><\/p>\n<p>Izra\u0111eni od raznih metala i \u010delika, manje su nagla\u0161eni i uo\u010dljivi od plasti\u010dnih okvira. Okviri nao\u010dala su<br \/>jaki i izdr\u017eljivi, kao i otporni na hr\u0111u. Prikladne su za sve dioptrije. Tu je i kombinacija metala i plastike,<br \/>koja \u010dini da se osje\u0107amo druga\u010dije i posebno.<\/p>\n<p><strong>Okviri za nao\u010dale s vijcima<\/strong><\/p>\n<p>Posebnost okvira za nao\u010dale na vijke je da se nao\u010dalno staklo ne uokviruje, ve\u0107 se izbu\u0161i i pri\u010dvrsti na<br \/>vijke. Koristi se titan, koji je lagan, a istovremeno \u010dvrst i izdr\u017eljiv materijal. Titan je otporan na hr\u0111u i<br \/>hipoalergen.<\/p>\n<p><strong>Okviri za nao\u010dale s lakom ili koncem<\/strong><\/p>\n<p>Rije\u010d je o metalnim okvirima za nao\u010dale, koji nisu ograni\u010deni rubom s donje strane, ve\u0107 se staklo na<br \/>okvir pri\u010dvrsti koncem te se tako\u0111er mo\u017ee produ\u017eiti ili skratiti. Karakteristika ovakvih okvira za nao\u010dale<br \/>je da \u010dine lice mek\u0161im jer nemaju o\u0161tar prijelaz izme\u0111u ruba okvira i lica. Prikladnije su za ni\u017ee do<br \/>srednje dioptrije, jer vidljivi rub stakala \u010dini debljinu uo\u010dljivijom. Vrlo je va\u017eno odabrati odgovaraju\u0107e<br \/>nao\u010dale za nao\u010dale kako se nao\u010dale ne bi slomile ili slomile.<\/p>\n<p><strong>Korektivni okviri za nao\u010dale i jastu\u010di\u0107i za nos<\/strong><\/p>\n<p>Prednost korekcijskih okvira za nao\u010dale s jastu\u010di\u0107ima za nos je \u0161to se mogu individualno prilagoditi<br \/>licu. U ponudi imamo klasi\u010dne i silikonske nosnice. Silikonski jastu\u010di\u0107i za nos su mek\u0161i, bolje prianjaju<br \/>na lice, ali se br\u017ee tro\u0161e i potrebno ih je \u010de\u0161\u0107e mijenjati. Korektivni okviri za nao\u010dale bez nosnica<br \/>izra\u0111eni su od sinteti\u010dkih materijala. Takve okvire nije mogu\u0107e individualno namjestiti na nosnom<br \/>dijelu, stoga morate posebno paziti pri odabiru da korekcijski okvir za nao\u010dale lijepo pristaje licu i da<br \/>je te\u017eina ravnomjerno raspore\u0111ena na nos.<\/p>\n<p><strong>LE\u010cE<\/p>\n<p>Jednofokusne le\u0107e za nao\u010dale<\/strong><\/p>\n<p>Jedno\u017eari\u0161ne le\u0107e za nao\u010dale omogu\u0107uju jasan i ugodan vid na to\u010dno odre\u0111enoj udaljenosti. Subjekti<br \/>koji odstupaju od propisane dioptrije bit \u0107e vi\u0161e ili manje zamu\u0107eni, no o\u0161trina vida ovisi i o dobi,<br \/>zdravlju i drugim \u010dimbenicima.<\/p>\n<p><strong>Bifokalne le\u0107e za nao\u010dale (Bifokalne le\u0107e)<\/strong><\/p>\n<p>Bifokalne nao\u010dale za nao\u010dale (Bifocal glasses) slu\u017ee za gledanje na blizinu i na daljinu. Gornji dio stakla<br \/>ima dioptriju koja odgovara udaljenosti, a donji dioptriju za \u017eeljenu blizinu. Poznajemo nekoliko vrsta<br \/>segmenata koji se nalaze na donjem rubu.<\/p>\n<p>Naj\u010de\u0161\u0107i oblici su okrugli segment s ravnim dijelom za blizinu (telezin) ili okrugli segment s<br \/>polukru\u017enim dijelom za blizinu (strazin). Imamo i tre\u0107u vrstu segmenata, koja je okrugla i koristi se za<br \/>ve\u0107e dioptrije. Djeluje kao svojevrsno pove\u0107alo za specifi\u010dan rad na bliskoj udaljenosti (cryptar).<br \/>Bifokalne nao\u010dale su jednostavne za kori\u0161tenje, a na njih se br\u017ee navikavate od progresivnih nao\u010dala.<br \/>Nedostatak je \u0161to je vidljiva razdjelna crta \u0161to utje\u010de na estetski izgled nao\u010dala.<\/p>\n<p><strong>Multifokalne ili progresivne le\u0107e (multifokalne le\u0107e za nao\u010dale)<br \/><\/strong><br \/>Multifokalne ili progresivne nao\u010dalne le\u0107e su nao\u010dalne le\u0107e s kojima mo\u017eete vidjeti na sve udaljenosti<br \/>(daleko, srednje i blizu). Dioptrija u progresivnom staklu glatko i nevidljivo prelazi iz polja na daljinu u<br \/>polje na blizinu. Takve nao\u010dale su korisne za \u010ditanje, rad na ra\u010dunalu i vo\u017enju automobila&#8230; Ljudi koji<br \/>koriste takve nao\u010dale za nao\u010dale su jako zadovoljni, jer ne moraju nositi duple nao\u010dale.<\/p>\n<p><strong>Progresivne le\u0107e<\/strong> za nao\u010dale mogu se klasificirati po kvaliteti i po \u0161irini vidnog polja. Dostupne su<br \/>osnovne, pobolj\u0161ane, napredne i prilago\u0111ene progresivne le\u0107e. \u0160to smo bli\u017ee personaliziranim<br \/>progresivnim nao\u010dalama, to su vidna polja \u0161ira, a pogled opu\u0161teniji i ugodniji.<\/p>\n<p><strong>Osnovne<\/strong>: Uzak kanal, dobar omjer cijene i kvalitete, pogodan za po\u0161tu, trgovinu&#8230;<\/p>\n<p><strong>Pobolj\u0161ano<\/strong>: Prikladno za umjereno \u010ditanje, uredski rad, pobolj\u0161ani kanal, dobra ravnote\u017ea izme\u0111u<br \/>udaljenosti i blizine.<\/p>\n<p><strong>Napredno<\/strong>: Uredski rad, ra\u010dunalo, dulje \u010ditanje, dnevni zadaci, optimizirani kanal, do 40% \u0161ira polja,<br \/>maksimalna vidna o\u0161trina i kontrast slike.<\/p>\n<p><strong>Osobno prilago\u0111eno<\/strong>: Maksimalno mogu\u0107e prilago\u0111avanje pojedincu, prostorna vizija bez ograni\u010denja, jednostavno prebacivanje izme\u0111u udaljenosti i blizine.<\/p>\n<p>[\/et_pb_text][\/et_pb_column][\/et_pb_row][\/et_pb_section]<\/p>\n","protected":false},"excerpt":{"rendered":"<p>DIOPTRIJSKE NAO\u010cALEOpti\u010dar \u0107e Vam svojim stru\u010dnim savjetima pomo\u0107i u odabiru pravog korekcijskog okvira za Va\u0161e lice.Korektivni okviri nao\u010dala su razli\u010diti, stoga je va\u017eno odabrati onaj pravi za svoje lice. Nakon odabirkorekcijskog okvira za nao\u010dale, opti\u010dar \u0107e Vas savjetovati i o izboru le\u0107a i premaza. Va\u017eno je daodvojite dovoljno vremena za odabir novih korekcijskih nao\u010dala.VRSTE OKVIRAUmjetne [&hellip;]<\/p>\n","protected":false},"author":1,"featured_media":0,"parent":0,"menu_order":1,"comment_status":"closed","ping_status":"closed","template":"","meta":{"_et_pb_use_builder":"on","_et_pb_old_content":"<!-- wp:paragraph -->\n<p>This is an example page. It's different from a blog post because it will stay in one place and will show up in your site navigation (in most themes). Most people start with an About page that introduces them to potential site visitors. It might say something like this:<\/p>\n<!-- \/wp:paragraph -->\n\n<!-- wp:quote -->\n<blockquote class=\"wp-block-quote\"><p>Hi there! I'm a bike messenger by day, aspiring actor by night, and this is my website. I live in Los Angeles, have a great dog named Jack, and I like pi&#241;a coladas. (And gettin' caught in the rain.)<\/p><\/blockquote>\n<!-- \/wp:quote -->\n\n<!-- wp:paragraph -->\n<p>...or something like this:<\/p>\n<!-- \/wp:paragraph -->\n\n<!-- wp:quote -->\n<blockquote class=\"wp-block-quote\"><p>The XYZ Doohickey Company was founded in 1971, and has been providing quality doohickeys to the public ever since. Located in Gotham City, XYZ employs over 2,000 people and does all kinds of awesome things for the Gotham community.<\/p><\/blockquote>\n<!-- \/wp:quote -->\n\n<!-- wp:paragraph -->\n<p>As a new WordPress user, you should go to <a href=\"https:\/\/optika-miro.hr\/wp-admin\/\">your dashboard<\/a> to delete this page and create new pages for your content. Have fun!<\/p>\n<!-- \/wp:paragraph -->","_et_gb_content_width":"","footnotes":""},"class_list":["post-2","page","type-page","status-publish","hentry"],"_links":{"self":[{"href":"https:\/\/optika-miro.hr\/index.php\/wp-json\/wp\/v2\/pages\/2","targetHints":{"allow":["GET"]}}],"collection":[{"href":"https:\/\/optika-miro.hr\/index.php\/wp-json\/wp\/v2\/pages"}],"about":[{"href":"https:\/\/optika-miro.hr\/index.php\/wp-json\/wp\/v2\/types\/page"}],"author":[{"embeddable":true,"href":"https:\/\/optika-miro.hr\/index.php\/wp-json\/wp\/v2\/users\/1"}],"replies":[{"embeddable":true,"href":"https:\/\/optika-miro.hr\/index.php\/wp-json\/wp\/v2\/comments?post=2"}],"version-history":[{"count":3,"href":"https:\/\/optika-miro.hr\/index.php\/wp-json\/wp\/v2\/pages\/2\/revisions"}],"predecessor-version":[{"id":68,"href":"https:\/\/optika-miro.hr\/index.php\/wp-json\/wp\/v2\/pages\/2\/revisions\/68"}],"wp:attachment":[{"href":"https:\/\/optika-miro.hr\/index.php\/wp-json\/wp\/v2\/media?parent=2"}],"curies":[{"name":"wp","href":"https:\/\/api.w.org\/{rel}","templated":true}]}}